{"id":686,"date":"2018-01-04T21:51:41","date_gmt":"2018-01-04T19:51:41","guid":{"rendered":"https:\/\/leskinen.net\/blogi\/?page_id=686"},"modified":"2021-05-24T16:34:08","modified_gmt":"2021-05-24T14:34:08","slug":"tarkeimmat-tekstit","status":"publish","type":"page","link":"https:\/\/www.leskinen.net\/blogi\/tarkeimmat-tekstit\/","title":{"rendered":"T\u00e4rkeimm\u00e4t tekstit"},"content":{"rendered":"\n<p><span style=\"font-size: inherit; color: #1a1a1a;\">20.huhtikuuta 2017: <\/span><a style=\"font-size: inherit;\" href=\"..\/teologia\/pappi-naki-liian-paljon-pahaa\/\">Pappi n\u00e4ki liian paljon pahaa<\/a><\/p>\n\n\n\n<p>27. huhtikuuta 2017:&nbsp;<a href=\"..\/maahanmuutto\/muutama-sana-maahanmuuttokriittisyydesta\/\">Muutama sana maahanmuuttokriittisyydest\u00e4<\/a><\/p>\n\n\n\n<blockquote class=\"wp-block-quote is-layout-flow wp-block-quote-is-layout-flow\"><p>Konservatismiin on kielt\u00e4m\u00e4tt\u00e4 tullut potkua. Aivan t\u00e4m\u00e4nkaltaista potkua en tosin siihen toivonut.<\/p><\/blockquote>\n\n\n\n<p>5. toukokuuta 2017: <a href=\"..\/politiikka\/kyseenalaisessa-seurassa\/\">Kyseenalaisessa seurassa<\/a><\/p>\n\n\n\n<p>1. hein\u00e4kuuta 2017:&nbsp;<a href=\"..\/politiikka\/helsinki-pride-ei-ollut-epapoliittinen-kansantapahtuma\/\">Helsinki Pride ei ollut ep\u00e4poliittinen kansantapahtuma<\/a><\/p>\n\n\n\n<p>27. hein\u00e4kuuta 2017:&nbsp;<a href=\"..\/politiikka\/pakkosterilisaatiosta-luovuttava-kaikissa-muodoissa\/\">Pakkosterilisaatiosta luovuttava kaikissa muodoissa<\/a><\/p>\n\n\n\n<blockquote class=\"wp-block-quote is-layout-flow wp-block-quote-is-layout-flow\"><p>Ihmisoikeudet toteutuvat k\u00e4yt\u00e4nn\u00f6ss\u00e4 vain kansalaisuuden kautta. T\u00e4m\u00e4 on edelleen kansainv\u00e4lisess\u00e4 j\u00e4rjestelm\u00e4ss\u00e4mme oleva paradoksi.<\/p><\/blockquote>\n\n\n\n<p>21. elokuuta 2017: <a href=\"https:\/\/www.leskinen.net\/blogi\/velvollisuus-auttaa\/\">Velvollisuus auttaa<\/a><\/p>\n\n\n\n<blockquote class=\"wp-block-quote is-layout-flow wp-block-quote-is-layout-flow\"><p>Usko loputtomaan kasvuun ja edistykseen sai ison kolhun. Pitk\u00e4st\u00e4 aikaa vuosikymmeniin Suomeenkin ilmaantui aikuistuva sukupolvi, joka ei tavoitellut en\u00e4\u00e4 radikaalisti toisenlaista maailmaa, vaan pyrki maltillisesti s\u00e4ilytt\u00e4m\u00e4\u00e4n itselleen edellisen sukupolven hyvinvoinnin.<\/p><\/blockquote>\n\n\n\n<p>7. tammikuuta 2018: <a href=\"https:\/\/www.leskinen.net\/blogi\/miksi-olen-kuitenkin-konservatiivi\/\">Miksi olen (kuitenkin) konservatiivi<\/a><\/p>\n\n\n\n<blockquote class=\"wp-block-quote is-layout-flow wp-block-quote-is-layout-flow\"><p>Olen ollut Suomen Kristillisdemokraattien j\u00e4sen kolmisen vuotta. Nyt on tullut aika kiitt\u00e4\u00e4 yhteisist\u00e4 vuosista.<\/p><\/blockquote>\n\n\n\n<p>21. kes\u00e4kuuta 2019: <a href=\"https:\/\/www.leskinen.net\/blogi\/aika-siirtya-eteenpain\/\">Aika siirty\u00e4 eteenp\u00e4in!<\/a><\/p>\n","protected":false},"excerpt":{"rendered":"<p>20.huhtikuuta 2017: Pappi n\u00e4ki liian paljon pahaa 27. huhtikuuta 2017:&nbsp;Muutama sana maahanmuuttokriittisyydest\u00e4 Konservatismiin on kielt\u00e4m\u00e4tt\u00e4 tullut potkua. Aivan t\u00e4m\u00e4nkaltaista potkua en tosin siihen toivonut. 5. toukokuuta 2017: Kyseenalaisessa seurassa 1. hein\u00e4kuuta 2017:&nbsp;Helsinki Pride ei ollut ep\u00e4poliittinen kansantapahtuma 27. hein\u00e4kuuta 2017:&nbsp;Pakkosterilisaatiosta luovuttava kaikissa muodoissa Ihmisoikeudet toteutuvat k\u00e4yt\u00e4nn\u00f6ss\u00e4 vain kansalaisuuden kautta. T\u00e4m\u00e4 on edelleen kansainv\u00e4lisess\u00e4 j\u00e4rjestelm\u00e4ss\u00e4mme oleva &hellip; <a href=\"https:\/\/www.leskinen.net\/blogi\/tarkeimmat-tekstit\/\" class=\"more-link\">Jatka lukemista<span class=\"screen-reader-text\"> &#8221;T\u00e4rkeimm\u00e4t tekstit&#8221;<\/span><\/a><\/p>\n","protected":false},"author":1,"featured_media":0,"parent":0,"menu_order":0,"comment_status":"closed","ping_status":"closed","template":"","meta":{"footnotes":""},"class_list":["post-686","page","type-page","status-publish","hentry"],"_links":{"self":[{"href":"https:\/\/www.leskinen.net\/blogi\/wp-json\/wp\/v2\/pages\/686"}],"collection":[{"href":"https:\/\/www.leskinen.net\/blogi\/wp-json\/wp\/v2\/pages"}],"about":[{"href":"https:\/\/www.leskinen.net\/blogi\/wp-json\/wp\/v2\/types\/page"}],"author":[{"embeddable":true,"href":"https:\/\/www.leskinen.net\/blogi\/wp-json\/wp\/v2\/users\/1"}],"replies":[{"embeddable":true,"href":"https:\/\/www.leskinen.net\/blogi\/wp-json\/wp\/v2\/comments?post=686"}],"version-history":[{"count":23,"href":"https:\/\/www.leskinen.net\/blogi\/wp-json\/wp\/v2\/pages\/686\/revisions"}],"predecessor-version":[{"id":1790,"href":"https:\/\/www.leskinen.net\/blogi\/wp-json\/wp\/v2\/pages\/686\/revisions\/1790"}],"wp:attachment":[{"href":"https:\/\/www.leskinen.net\/blogi\/wp-json\/wp\/v2\/media?parent=686"}],"curies":[{"name":"wp","href":"https:\/\/api.w.org\/{rel}","templated":true}]}}